{"id":104,"date":"2013-04-04T14:04:40","date_gmt":"2013-04-04T14:04:40","guid":{"rendered":"http:\/\/www.jazzinstitut.de\/?page_id=104"},"modified":"2025-11-12T16:57:44","modified_gmt":"2025-11-12T15:57:44","slug":"termine-dates","status":"publish","type":"page","link":"https:\/\/www.jazzinstitut.de\/en\/termine-dates\/","title":{"rendered":"Events"},"content":{"rendered":"<p>The Jazzinstitut Darmstadt does regularly present concerts, workshops, lectures exhibitions and other formats. Our concert are mainly presented at our concert room  underneath the archive. <a href=\"https:\/\/www.jazzinstitut.de\/ausstellungen\/\">Exhibitions<\/a> in der Jazzgalerie unterm Dach des Jazzinstituts. Andere Veranstaltungen wie z.B. der Sommer-Workshop f\u00fcr Musikerinnen und Musiker, die <a title=\"Jazz Conceptions\" href=\"http:\/\/www.jazzinstitut.de\/?p=1090\">Darmst\u00e4dter Jazz Conceptions<\/a> or the biennial <a title=\"Darmstadt Jazzforum\" href=\"http:\/\/www.jazzinstitut.de\/?p=49\">Darmstadt Jazzforum<\/a> we actually present in collaboration with partners, often at changing venues allover Darmstadt and elsewhere.<\/p>\n<p class=\" translation-block\">In addition, the Jazzinstitut awards the Kathrin-Preis - Kathrin Lemke Scholarship for Young Jazz Improvisers to musicians every two years.<\/p>\n<p>An overview of our events and of other initiatives, clubs and concert halls in Darmstadt are listed in our <a href=\"https:\/\/www.jazzinstitut.de\/jazzkalender\"><strong>Darmstadt Jazz Calendar<\/strong><\/a>. There you will also find information on the venue, when the concert begins and the entrance fees.<\/p>","protected":false},"excerpt":{"rendered":"<p>Das Jazzinstitut veranstaltet regelm\u00e4\u00dfig Konzerte, Workshops, Vortr\u00e4ge, Ausstellungen, Tagungen und vieles mehr. Von uns pr\u00e4sentierte Konzerte finden in der Regel in unserem Konzertsaal im Gew\u00f6lbekeller unter dem Jazzinstitut statt; Ausstellungen &hellip; <a href=\"https:\/\/www.jazzinstitut.de\/en\/termine-dates\/\" class=\"more-link\">Continue reading <span class=\"screen-reader-text\">Events<\/span> <span class=\"meta-nav\">&rarr;<\/span><\/a><\/p>","protected":false},"author":1,"featured_media":0,"parent":0,"menu_order":0,"comment_status":"closed","ping_status":"closed","template":"","meta":{"footnotes":""},"class_list":["post-104","page","type-page","status-publish","hentry"],"_links":{"self":[{"href":"https:\/\/www.jazzinstitut.de\/en\/wp-json\/wp\/v2\/pages\/104","targetHints":{"allow":["GET"]}}],"collection":[{"href":"https:\/\/www.jazzinstitut.de\/en\/wp-json\/wp\/v2\/pages"}],"about":[{"href":"https:\/\/www.jazzinstitut.de\/en\/wp-json\/wp\/v2\/types\/page"}],"author":[{"embeddable":true,"href":"https:\/\/www.jazzinstitut.de\/en\/wp-json\/wp\/v2\/users\/1"}],"replies":[{"embeddable":true,"href":"https:\/\/www.jazzinstitut.de\/en\/wp-json\/wp\/v2\/comments?post=104"}],"version-history":[{"count":26,"href":"https:\/\/www.jazzinstitut.de\/en\/wp-json\/wp\/v2\/pages\/104\/revisions"}],"predecessor-version":[{"id":15983,"href":"https:\/\/www.jazzinstitut.de\/en\/wp-json\/wp\/v2\/pages\/104\/revisions\/15983"}],"wp:attachment":[{"href":"https:\/\/www.jazzinstitut.de\/en\/wp-json\/wp\/v2\/media?parent=104"}],"curies":[{"name":"wp","href":"https:\/\/api.w.org\/{rel}","templated":true}]}}